{"id":470,"date":"2022-02-19T19:16:19","date_gmt":"2022-02-19T19:16:19","guid":{"rendered":"http:\/\/aniaolszewska.pl\/?page_id=470"},"modified":"2022-03-19T20:42:13","modified_gmt":"2022-03-19T20:42:13","slug":"warsztaty-noworodkowe","status":"publish","type":"page","link":"https:\/\/aniaolszewska.pl\/index.php\/warsztaty-noworodkowe\/","title":{"rendered":"Warsztaty noworodkowe"},"content":{"rendered":"\n<p>Fotografi\u0105 noworodkow\u0105 zajmuj\u0119 si\u0119 od ponad 6 lat. W tym czasie zdoby\u0142am ogrom do\u015bwiadczenia w pracy z Maluszkami oraz Rodzicami. Wielokrotnie doskonali\u0142am swoj\u0105 wiedz\u0105 i umiej\u0119tno\u015bci na warsztatach noworodkowych prowadzonych przez polskich i zagranicznych fotograf\u00f3w. <\/p>\n\n\n\n<p>Styl, w kt\u00f3rym obecnie pracuj\u0119, jest najbli\u017cszy mojemu sercu. <br>Prostota, delikatno\u015b\u0107, minimalizm. <br>To jest baza moich sesji i moich zdj\u0119\u0107. Zawsze szykuj\u0105c si\u0119 do sesji przygotowuj\u0119 tak\u0105 baz\u0119, w kt\u00f3rej dziecko b\u0119dzie nr 1 a nie ogrom dodatk\u00f3w i kolor\u00f3w dooko\u0142a niego.<\/p>\n\n\n\n<p>W trakcie sesji pod\u0105\u017cam za dzieckiem. Staram si\u0119 stworzy\u0107 takie warunki, \u017ceby dziecko czu\u0142o si\u0119 bezpiecznie i komfortowo.  Moje sesje zazwyczaj s\u0105 bardzo r\u00f3\u017cnorodne w ilo\u015bci stylizacji i kadr\u00f3w, a zarazem do\u015b\u0107 sprawnie przeprowadzone. <br>Najcz\u0119\u015bciej zamykam si\u0119 w 2,5 godzinach sesji. W tym czasie wykonuj\u0119 pe\u0142en zakres uj\u0119\u0107 z rodzicami i rodze\u0144stwem, uj\u0119cia z g\u00f3ry, zdj\u0119cia w 3-4 propsach oraz 3-4 u\u0142o\u017cenia na beanbagu. <br><\/p>\n\n\n\n<div class=\"wp-block-image\"><figure class=\"aligncenter size-large\"><img loading=\"lazy\" width=\"1024\" height=\"819\" src=\"http:\/\/aniaolszewska.pl\/wp-content\/uploads\/2022\/02\/grupowe-warsztaty-1024x819.png\" alt=\"\" class=\"wp-image-471\" srcset=\"https:\/\/aniaolszewska.pl\/wp-content\/uploads\/2022\/02\/grupowe-warsztaty-1024x819.png 1024w, https:\/\/aniaolszewska.pl\/wp-content\/uploads\/2022\/02\/grupowe-warsztaty-300x240.png 300w, https:\/\/aniaolszewska.pl\/wp-content\/uploads\/2022\/02\/grupowe-warsztaty-768x614.png 768w, https:\/\/aniaolszewska.pl\/wp-content\/uploads\/2022\/02\/grupowe-warsztaty-1536x1229.png 1536w, https:\/\/aniaolszewska.pl\/wp-content\/uploads\/2022\/02\/grupowe-warsztaty-50x40.png 50w, https:\/\/aniaolszewska.pl\/wp-content\/uploads\/2022\/02\/grupowe-warsztaty.png 2000w\" sizes=\"(max-width: 1024px) 100vw, 1024px\" \/><\/figure><\/div>\n\n\n\n<p><br>W trakcie warsztat\u00f3w przeprowadz\u0119 Ci\u0119 przez ca\u0142\u0105 moj\u0105 sesj\u0119. Poka\u017c\u0119 krok po kroku jak pracuj\u0119 i uk\u0142adam maluszka. <\/p>\n\n\n\n<p>Zobaczysz ka\u017cdy krok mojego workflow.<\/p>\n\n\n\n<p>Podpatrzysz na to jakich u\u017cywam akcesori\u00f3w do uk\u0142adania dzieci.<\/p>\n\n\n\n<p>Zobaczysz jak tworz\u0119 moje stylizacje.<\/p>\n\n\n\n<p>Poka\u017c\u0119 ci jak wsp\u00f3\u0142pracuj\u0119 z rodzicami i zdradz\u0119 co robi\u0119, \u017ceby zach\u0119ci\u0107 rodze\u0144stwo maluszka do wsp\u00f3\u0142pracy. <\/p>\n\n\n\n<p>Po sesji zobaczysz jak wygl\u0105da moja selekcja zdj\u0119\u0107 oraz ich edycja. Moi kursanci otrzymaj\u0105 ode mnie zestaw akcji na kt\u00f3rych sama pracuj\u0119. <\/p>\n\n\n\n<p>Kursanci otrzymuj\u0105 ode mnie praktyczny podr\u0119cznik, w kt\u00f3rym s\u0105 opisane u\u0142o\u017cenia kt\u00f3re wykonuj\u0119 oraz zdj\u0119cia przygotowanego beanbaga oraz props\u00f3w. <\/p>\n\n\n\n<p>Po warsztatach z ka\u017cdym z kursant\u00f3w spotykam si\u0119 na konsultacji online przez skypa, na kt\u00f3rej omawiamy jego samodzieln\u0105 sesj\u0119 oraz wykonane podczas niej kadry.  Czas spotkania to max. 90 minut. <\/p>\n\n\n\n<p><strong>Cena:<\/strong><br>&#8211; warsztaty indywidualne w Zielonej G\u00f3rze 2000 z\u0142,<br>&#8211; warsztaty indywidualne u Ciebie w studiu 2600 z\u0142,<br>&#8211; warsztaty grupowe 1500 z\u0142<\/p>\n\n\n\n<p>Istnieje mo\u017cliwo\u015b\u0107 dofinansowania do 50-80% ceny warsztat\u00f3w.<br>Rezerwacja miejsca po wp\u0142acie zadatku 500 z\u0142.<\/p>\n\n\n\n<p><strong>Terminarz warsztat\u00f3w grupowych na rok 2022:<\/strong><br>&#8211; Warszawa 25.04.2022 r.<br>&#8211; Wroc\u0142aw 28 i 29.05. 2022 r.<br>&#8211; Tr\u00f3jmiasto 10 i 11.06.2022 r.<br>&#8211; Pozna\u0144 25.06.2022 r.<\/p>\n\n\n\n<p><strong>Harmonogram warsztat\u00f3w: <\/strong> <br>&#8211; 9:00-10:00 &#8211; przygotowanie studia oraz om\u00f3wienie wykorzystywanych akcesori\u00f3w do sesji, praca z lalk\u0105- om\u00f3wienie ustawie\u0144 aparatu w trybie manualnym,- om\u00f3wienie ustawie\u0144 lampy b\u0142yskowej, rodzaj\u00f3w wykorzystywanych modyfikator\u00f3w oraz k\u0105ta padania \u015bwiat\u0142a,<br>&#8211; 10:00- 15:00 dwie sesje noworodkowe przeprowadzone przez prowadz\u0105c\u0105 warsztaty podczas kt\u00f3rych wykonywane s\u0105 zdj\u0119cia: rodzinne, na r\u0119kach rodzic\u00f3w, samego noworodka w propsach oraz u\u0142o\u017cenia noworodka na kocykach,<br>&#8211; 15:00-16:00 &#8211; przerwa obiadowa<br>&#8211; 16:00-17:00- om\u00f3wienie przebiegu sesji, wyja\u015bnienie w\u0105tpliwo\u015bci, odpowied\u017a na pytania zwi\u0105zane z sesj\u0105,<br>&#8211; 17:00-18:30- edycja wybranych zdj\u0119\u0107 w programach Adobe Lightroom oraz Adobe Photoshop,<br>&#8211; 18:30-19:00- podsumowanie warsztatu, odpowiedzi na zadane przez kursant\u00f3w pytania,<br>&#8211; w ci\u0105gu 30 dni od warsztat\u00f3w- konsultacja online, po samodzielnie przeprowadzonej przez kursanta sesji, na spotkaniu online om\u00f3wienie wykonanych przez niego zdj\u0119\u0107, zwr\u00f3cenie uwagi na b\u0142\u0119dy i odpowied\u017a na pytania, kt\u00f3re si\u0119 pojawi\u0142y po przeprowadzeniu tej sesji.<\/p>\n\n\n\n<p><strong>Po warsztatach moich kursanci otrzymuj\u0105 ode mnie podr\u0119cznik w kt\u00f3rym szczeg\u00f3\u0142owo pokazuj\u0119 i opisuj\u0119 u\u0142o\u017cenia Maluszka na r\u0119kach rodzic\u00f3w, w propsach oraz na beanbagu. Otrzymuj\u0105 r\u00f3wnie\u017c ode mnie zestaw akcji na kt\u00f3rych pracuj\u0119 podczas edycji zdj\u0119\u0107. <\/strong><\/p>\n\n\n\n<div class=\"wp-block-image\"><figure class=\"aligncenter size-large\"><img loading=\"lazy\" width=\"768\" height=\"1024\" src=\"http:\/\/aniaolszewska.pl\/wp-content\/uploads\/2022\/02\/noworodkowe-1-768x1024.jpg\" alt=\"\" class=\"wp-image-473\" srcset=\"https:\/\/aniaolszewska.pl\/wp-content\/uploads\/2022\/02\/noworodkowe-1-768x1024.jpg 768w, https:\/\/aniaolszewska.pl\/wp-content\/uploads\/2022\/02\/noworodkowe-1-225x300.jpg 225w, https:\/\/aniaolszewska.pl\/wp-content\/uploads\/2022\/02\/noworodkowe-1-1152x1536.jpg 1152w, https:\/\/aniaolszewska.pl\/wp-content\/uploads\/2022\/02\/noworodkowe-1-1536x2048.jpg 1536w, https:\/\/aniaolszewska.pl\/wp-content\/uploads\/2022\/02\/noworodkowe-1-50x67.jpg 50w, https:\/\/aniaolszewska.pl\/wp-content\/uploads\/2022\/02\/noworodkowe-1-scaled.jpg 1920w\" sizes=\"(max-width: 768px) 100vw, 768px\" \/><\/figure><\/div>\n\n\n\n<p> <\/p>\n","protected":false},"excerpt":{"rendered":"<p>Fotografi\u0105 noworodkow\u0105 zajmuj\u0119 si\u0119 od ponad 6 lat. W tym czasie zdoby\u0142am ogrom do\u015bwiadczenia w pracy z Maluszkami oraz Rodzicami. Wielokrotnie doskonali\u0142am swoj\u0105 wiedz\u0105 i umiej\u0119tno\u015bci na warsztatach noworodkowych prowadzonych przez polskich i zagranicznych fotograf\u00f3w. Styl, w kt\u00f3rym obecnie pracuj\u0119, jest najbli\u017cszy mojemu sercu. Prostota, delikatno\u015b\u0107, minimalizm. To jest baza moich sesji i moich zdj\u0119\u0107....<\/p>\n","protected":false},"author":1,"featured_media":0,"parent":0,"menu_order":0,"comment_status":"closed","ping_status":"closed","template":"","meta":{"pp_embeds":"{}"},"_links":{"self":[{"href":"https:\/\/aniaolszewska.pl\/index.php\/wp-json\/wp\/v2\/pages\/470"}],"collection":[{"href":"https:\/\/aniaolszewska.pl\/index.php\/wp-json\/wp\/v2\/pages"}],"about":[{"href":"https:\/\/aniaolszewska.pl\/index.php\/wp-json\/wp\/v2\/types\/page"}],"author":[{"embeddable":true,"href":"https:\/\/aniaolszewska.pl\/index.php\/wp-json\/wp\/v2\/users\/1"}],"replies":[{"embeddable":true,"href":"https:\/\/aniaolszewska.pl\/index.php\/wp-json\/wp\/v2\/comments?post=470"}],"version-history":[{"count":2,"href":"https:\/\/aniaolszewska.pl\/index.php\/wp-json\/wp\/v2\/pages\/470\/revisions"}],"predecessor-version":[{"id":478,"href":"https:\/\/aniaolszewska.pl\/index.php\/wp-json\/wp\/v2\/pages\/470\/revisions\/478"}],"wp:attachment":[{"href":"https:\/\/aniaolszewska.pl\/index.php\/wp-json\/wp\/v2\/media?parent=470"}],"curies":[{"name":"wp","href":"https:\/\/api.w.org\/{rel}","templated":true}]}}